{"id":1053,"date":"2023-09-21T09:30:45","date_gmt":"2023-09-21T09:30:45","guid":{"rendered":"https:\/\/foxhome.rs\/?page_id=1053"},"modified":"2025-09-19T11:31:24","modified_gmt":"2025-09-19T11:31:24","slug":"o-nama","status":"publish","type":"page","link":"https:\/\/foxhome.rs\/?page_id=1053","title":{"rendered":"O nama"},"content":{"rendered":"\t\t<div data-elementor-type=\"wp-page\" data-elementor-id=\"1053\" class=\"elementor elementor-1053\" data-elementor-post-type=\"page\">\n\t\t\t\t\t\t\t<div class=\"elementor-element elementor-element-40768a2 e-flex e-con-boxed e-con e-parent\" data-id=\"40768a2\" data-element_type=\"container\" data-settings=\"{&quot;content_width&quot;:&quot;boxed&quot;}\" data-core-v316-plus=\"true\">\n\t\t\t\t\t<div class=\"e-con-inner\">\n\t\t\t\t<div class=\"elementor-element elementor-element-10005fb elementor-widget elementor-widget-heading\" data-id=\"10005fb\" data-element_type=\"widget\" data-widget_type=\"heading.default\">\n\t\t\t\t<div class=\"elementor-widget-container\">\n\t\t\t<style>\/*! elementor - v3.16.0 - 20-09-2023 *\/\n.elementor-heading-title{padding:0;margin:0;line-height:1}.elementor-widget-heading .elementor-heading-title[class*=elementor-size-]>a{color:inherit;font-size:inherit;line-height:inherit}.elementor-widget-heading .elementor-heading-title.elementor-size-small{font-size:15px}.elementor-widget-heading .elementor-heading-title.elementor-size-medium{font-size:19px}.elementor-widget-heading .elementor-heading-title.elementor-size-large{font-size:29px}.elementor-widget-heading .elementor-heading-title.elementor-size-xl{font-size:39px}.elementor-widget-heading .elementor-heading-title.elementor-size-xxl{font-size:59px}<\/style><h2 class=\"elementor-heading-title elementor-size-default\">O nama:<\/h2>\t\t<\/div>\n\t\t\t\t<\/div>\n\t\t\t\t\t<\/div>\n\t\t\t\t<\/div>\n\t\t<div class=\"elementor-element elementor-element-e68e378 e-con-full e-flex e-con e-parent\" data-id=\"e68e378\" data-element_type=\"container\" data-settings=\"{&quot;content_width&quot;:&quot;full&quot;}\" data-core-v316-plus=\"true\">\n\t\t<div class=\"elementor-element elementor-element-e41dbc6 e-con-full e-flex e-con e-child\" data-id=\"e41dbc6\" data-element_type=\"container\" data-settings=\"{&quot;content_width&quot;:&quot;full&quot;}\">\n\t\t\t\t<div class=\"elementor-element elementor-element-ac54fcb elementor-widget elementor-widget-image\" data-id=\"ac54fcb\" data-element_type=\"widget\" data-widget_type=\"image.default\">\n\t\t\t\t<div class=\"elementor-widget-container\">\n\t\t\t<style>\/*! elementor - v3.16.0 - 20-09-2023 *\/\n.elementor-widget-image{text-align:center}.elementor-widget-image a{display:inline-block}.elementor-widget-image a img[src$=\".svg\"]{width:48px}.elementor-widget-image img{vertical-align:middle;display:inline-block}<\/style>\t\t\t\t\t\t\t\t\t\t\t\t<img loading=\"lazy\" decoding=\"async\" width=\"1813\" height=\"2447\" src=\"https:\/\/foxhome.rs\/wp-content\/uploads\/2025\/09\/FOX-HOME-O-NAMA-2025mm.jpg\" class=\"attachment-full size-full wp-image-2482\" alt=\"\" srcset=\"https:\/\/foxhome.rs\/wp-content\/uploads\/2025\/09\/FOX-HOME-O-NAMA-2025mm.jpg 1813w, https:\/\/foxhome.rs\/wp-content\/uploads\/2025\/09\/FOX-HOME-O-NAMA-2025mm-222x300.jpg 222w, https:\/\/foxhome.rs\/wp-content\/uploads\/2025\/09\/FOX-HOME-O-NAMA-2025mm-759x1024.jpg 759w, https:\/\/foxhome.rs\/wp-content\/uploads\/2025\/09\/FOX-HOME-O-NAMA-2025mm-768x1037.jpg 768w, https:\/\/foxhome.rs\/wp-content\/uploads\/2025\/09\/FOX-HOME-O-NAMA-2025mm-1138x1536.jpg 1138w, https:\/\/foxhome.rs\/wp-content\/uploads\/2025\/09\/FOX-HOME-O-NAMA-2025mm-1517x2048.jpg 1517w\" sizes=\"auto, (max-width: 1813px) 100vw, 1813px\" \/>\t\t\t\t\t\t\t\t\t\t\t\t\t\t\t<\/div>\n\t\t\t\t<\/div>\n\t\t\t\t<\/div>\n\t\t<div class=\"elementor-element elementor-element-fc934fa e-con-full e-flex e-con e-child\" data-id=\"fc934fa\" data-element_type=\"container\" data-settings=\"{&quot;content_width&quot;:&quot;full&quot;}\">\n\t\t\t\t<div class=\"elementor-element elementor-element-88a9a97 elementor-widget elementor-widget-text-editor\" data-id=\"88a9a97\" data-element_type=\"widget\" data-widget_type=\"text-editor.default\">\n\t\t\t\t<div class=\"elementor-widget-container\">\n\t\t\t<style>\/*! elementor - v3.16.0 - 20-09-2023 *\/\n.elementor-widget-text-editor.elementor-drop-cap-view-stacked .elementor-drop-cap{background-color:#69727d;color:#fff}.elementor-widget-text-editor.elementor-drop-cap-view-framed .elementor-drop-cap{color:#69727d;border:3px solid;background-color:transparent}.elementor-widget-text-editor:not(.elementor-drop-cap-view-default) .elementor-drop-cap{margin-top:8px}.elementor-widget-text-editor:not(.elementor-drop-cap-view-default) .elementor-drop-cap-letter{width:1em;height:1em}.elementor-widget-text-editor .elementor-drop-cap{float:left;text-align:center;line-height:1;font-size:50px}.elementor-widget-text-editor .elementor-drop-cap-letter{display:inline-block}<\/style>\t\t\t\t<p>Sve za ku\u0107u \u2013 na jednom mestu!<\/p><p>Fox Home tr\u017eni centar je va\u0161a destinacija za sve \u0161to vam je potrebno za ure\u0111enje doma \u2013 enterijera, eksterijera i dvori\u0161ta. Osmi\u0161ljen da zadovolji potrebe cele porodice, Fox Home okuplja najkvalitetnije doma\u0107e brendove na jednom mestu.<\/p><p>Brzo, lako i kompletno \u2013 opremite svoj dom!<\/p><p>Znamo koliko vam zna\u010di dom \u2013 zato smo tu da vam olak\u0161amo svaku kupovinu. U na\u0161em tr\u017enom centru mo\u017eete prona\u0107i sve, od name\u0161taja, keramike i dekoracije, do opreme za samostalno ure\u0111enje, pa \u010dak i svakodnevne potrep\u0161tine.<\/p><p>Bilo da sre\u0111ujete stan, ku\u0107u ili dvori\u0161te, kod nas vas \u010dekaju renomirani brendovi i prodajni saloni:<\/p><p>Sara name\u0161taj<\/p><p>Uradi sam<\/p><p>Keramika Jovanovi\u0107<\/p><p>Svetofor \u2013 prehrambena prodavnica niskih cena<\/p><p>Foton \u2013 distributer i uvoznik elektri\u010dnih vozila<\/p><p>Euro Sumar \u2013 za ljubitelje motornih vozila<\/p><p>Gde se nalazimo?<\/p><p>\ud83d\udccd Vladimira Tomanovi\u0107a 59, naselje Konjarnik, Beograd<\/p><p>Za sve posetioce obezbe\u0111ujemo besplatan i prostran parking, kako biste mogli da u\u017eivate u kupovini \u2013 bez \u017eurbe i stresa.<\/p><p>Dobro do\u0161li u Fox Home!<\/p><p>Va\u0161 dom po\u010dinje ovde.<\/p>\t\t\t\t\t\t<\/div>\n\t\t\t\t<\/div>\n\t\t\t\t<\/div>\n\t\t\t\t<\/div>\n\t\t\t\t\t\t\t<\/div>\n\t\t","protected":false},"excerpt":{"rendered":"<p>O nama: Mi smo, najlak\u0161e re\u010deno &#8211; Sve za ku\u0107u na jednom mestu! Fox Home tr\u017eni centar je va\u0161e mesto za kupovinu proizvoda za ure\u0111enje enterijera i eksterijera. Koncipiran je tako da zadovolji porodi\u010dnu potrebu za kupovinom name\u0161taja i ostalih proizvoda za stan, ku\u0107u ili dvori\u0161te. Opremite svoj dom na jednom mestu brzo i lako! &hellip;<\/p>\n<p class=\"read-more\"> <a class=\"\" href=\"https:\/\/foxhome.rs\/?page_id=1053\"> <span class=\"screen-reader-text\">O nama<\/span> Read More &raquo;<\/a><\/p>\n","protected":false},"author":1,"featured_media":0,"parent":0,"menu_order":0,"comment_status":"closed","ping_status":"closed","template":"elementor_header_footer","meta":{"site-sidebar-layout":"default","site-content-layout":"","ast-site-content-layout":"","site-content-style":"default","site-sidebar-style":"default","ast-global-header-display":"","ast-banner-title-visibility":"","ast-main-header-display":"","ast-hfb-above-header-display":"","ast-hfb-below-header-display":"","ast-hfb-mobile-header-display":"","site-post-title":"","ast-breadcrumbs-content":"","ast-featured-img":"","footer-sml-layout":"","theme-transparent-header-meta":"","adv-header-id-meta":"","stick-header-meta":"","header-above-stick-meta":"","header-main-stick-meta":"","header-below-stick-meta":"","astra-migrate-meta-layouts":"","footnotes":""},"class_list":["post-1053","page","type-page","status-publish","hentry"],"_links":{"self":[{"href":"https:\/\/foxhome.rs\/index.php?rest_route=\/wp\/v2\/pages\/1053","targetHints":{"allow":["GET"]}}],"collection":[{"href":"https:\/\/foxhome.rs\/index.php?rest_route=\/wp\/v2\/pages"}],"about":[{"href":"https:\/\/foxhome.rs\/index.php?rest_route=\/wp\/v2\/types\/page"}],"author":[{"embeddable":true,"href":"https:\/\/foxhome.rs\/index.php?rest_route=\/wp\/v2\/users\/1"}],"replies":[{"embeddable":true,"href":"https:\/\/foxhome.rs\/index.php?rest_route=%2Fwp%2Fv2%2Fcomments&post=1053"}],"version-history":[{"count":39,"href":"https:\/\/foxhome.rs\/index.php?rest_route=\/wp\/v2\/pages\/1053\/revisions"}],"predecessor-version":[{"id":2484,"href":"https:\/\/foxhome.rs\/index.php?rest_route=\/wp\/v2\/pages\/1053\/revisions\/2484"}],"wp:attachment":[{"href":"https:\/\/foxhome.rs\/index.php?rest_route=%2Fwp%2Fv2%2Fmedia&parent=1053"}],"curies":[{"name":"wp","href":"https:\/\/api.w.org\/{rel}","templated":true}]}}