{"id":1054,"date":"2023-09-21T09:30:45","date_gmt":"2023-09-21T09:30:45","guid":{"rendered":"https:\/\/foxhome.rs\/?page_id=1054"},"modified":"2025-09-19T11:34:15","modified_gmt":"2025-09-19T11:34:15","slug":"brendovi","status":"publish","type":"page","link":"https:\/\/foxhome.rs\/?page_id=1054","title":{"rendered":"Brendovi"},"content":{"rendered":"\t\t<div data-elementor-type=\"wp-page\" data-elementor-id=\"1054\" class=\"elementor elementor-1054\" data-elementor-post-type=\"page\">\n\t\t\t\t\t\t\t<div class=\"elementor-element elementor-element-7d756b4 e-flex e-con-boxed e-con e-parent\" data-id=\"7d756b4\" data-element_type=\"container\" data-settings=\"{&quot;content_width&quot;:&quot;boxed&quot;}\" data-core-v316-plus=\"true\">\n\t\t\t\t\t<div class=\"e-con-inner\">\n\t\t\t\t<div class=\"elementor-element elementor-element-0a967b4 elementor-widget elementor-widget-heading\" data-id=\"0a967b4\" data-element_type=\"widget\" data-widget_type=\"heading.default\">\n\t\t\t\t<div class=\"elementor-widget-container\">\n\t\t\t<style>\/*! elementor - v3.16.0 - 20-09-2023 *\/\n.elementor-heading-title{padding:0;margin:0;line-height:1}.elementor-widget-heading .elementor-heading-title[class*=elementor-size-]>a{color:inherit;font-size:inherit;line-height:inherit}.elementor-widget-heading .elementor-heading-title.elementor-size-small{font-size:15px}.elementor-widget-heading .elementor-heading-title.elementor-size-medium{font-size:19px}.elementor-widget-heading .elementor-heading-title.elementor-size-large{font-size:29px}.elementor-widget-heading .elementor-heading-title.elementor-size-xl{font-size:39px}.elementor-widget-heading .elementor-heading-title.elementor-size-xxl{font-size:59px}<\/style><h1 class=\"elementor-heading-title elementor-size-default\">Sve za ku\u0107u na jednom mestu!<\/h1>\t\t<\/div>\n\t\t\t\t<\/div>\n\t\t\t\t\t<\/div>\n\t\t\t\t<\/div>\n\t\t<div class=\"elementor-element elementor-element-a82561c e-con-full e-flex e-con e-parent\" data-id=\"a82561c\" data-element_type=\"container\" data-settings=\"{&quot;content_width&quot;:&quot;full&quot;}\" data-core-v316-plus=\"true\">\n\t\t<div class=\"elementor-element elementor-element-a9d0c07 e-con-full e-flex e-con e-child\" data-id=\"a9d0c07\" data-element_type=\"container\" data-settings=\"{&quot;content_width&quot;:&quot;full&quot;}\">\n\t\t\t\t<div class=\"elementor-element elementor-element-4d9e979 elementor-widget elementor-widget-image\" data-id=\"4d9e979\" data-element_type=\"widget\" data-widget_type=\"image.default\">\n\t\t\t\t<div class=\"elementor-widget-container\">\n\t\t\t<style>\/*! elementor - v3.16.0 - 20-09-2023 *\/\n.elementor-widget-image{text-align:center}.elementor-widget-image a{display:inline-block}.elementor-widget-image a img[src$=\".svg\"]{width:48px}.elementor-widget-image img{vertical-align:middle;display:inline-block}<\/style>\t\t\t\t\t\t\t\t\t<figure class=\"wp-caption\">\n\t\t\t\t\t\t\t\t\t\t\t<a href=\"https:\/\/svetofor.rs\/\">\n\t\t\t\t\t\t\t<img loading=\"lazy\" decoding=\"async\" width=\"1024\" height=\"702\" src=\"https:\/\/foxhome.rs\/wp-content\/uploads\/2025\/09\/MALI-BANER-SVETOFOR-1024-\u00d7-702-px-3.jpg\" class=\"elementor-animation-grow attachment-large size-large wp-image-2382\" alt=\"\" srcset=\"https:\/\/foxhome.rs\/wp-content\/uploads\/2025\/09\/MALI-BANER-SVETOFOR-1024-\u00d7-702-px-3.jpg 1024w, https:\/\/foxhome.rs\/wp-content\/uploads\/2025\/09\/MALI-BANER-SVETOFOR-1024-\u00d7-702-px-3-300x206.jpg 300w, https:\/\/foxhome.rs\/wp-content\/uploads\/2025\/09\/MALI-BANER-SVETOFOR-1024-\u00d7-702-px-3-768x527.jpg 768w\" sizes=\"auto, (max-width: 1024px) 100vw, 1024px\" \/>\t\t\t\t\t\t\t\t<\/a>\n\t\t\t\t\t\t\t\t\t\t\t<figcaption class=\"widget-image-caption wp-caption-text\">Svetofor<\/figcaption>\n\t\t\t\t\t\t\t\t\t\t<\/figure>\n\t\t\t\t\t\t\t\t\t<\/div>\n\t\t\t\t<\/div>\n\t\t\t\t<div class=\"elementor-element elementor-element-97ae337 elementor-widget elementor-widget-image\" data-id=\"97ae337\" data-element_type=\"widget\" data-widget_type=\"image.default\">\n\t\t\t\t<div class=\"elementor-widget-container\">\n\t\t\t\t\t\t\t\t\t\t\t\t<figure class=\"wp-caption\">\n\t\t\t\t\t\t\t\t\t\t\t<a href=\"https:\/\/www.keramikajovanovic.rs\">\n\t\t\t\t\t\t\t<img loading=\"lazy\" decoding=\"async\" width=\"1024\" height=\"702\" src=\"https:\/\/foxhome.rs\/wp-content\/uploads\/2023\/09\/Keramika-Jovanovic-ambijenti-DSC_0984-1024x702.jpg\" class=\"elementor-animation-grow attachment-large size-large wp-image-1459\" alt=\"\" srcset=\"https:\/\/foxhome.rs\/wp-content\/uploads\/2023\/09\/Keramika-Jovanovic-ambijenti-DSC_0984-1024x702.jpg 1024w, https:\/\/foxhome.rs\/wp-content\/uploads\/2023\/09\/Keramika-Jovanovic-ambijenti-DSC_0984-300x206.jpg 300w, https:\/\/foxhome.rs\/wp-content\/uploads\/2023\/09\/Keramika-Jovanovic-ambijenti-DSC_0984-768x527.jpg 768w, https:\/\/foxhome.rs\/wp-content\/uploads\/2023\/09\/Keramika-Jovanovic-ambijenti-DSC_0984-1536x1053.jpg 1536w, https:\/\/foxhome.rs\/wp-content\/uploads\/2023\/09\/Keramika-Jovanovic-ambijenti-DSC_0984-2048x1404.jpg 2048w\" sizes=\"auto, (max-width: 1024px) 100vw, 1024px\" \/>\t\t\t\t\t\t\t\t<\/a>\n\t\t\t\t\t\t\t\t\t\t\t<figcaption class=\"widget-image-caption wp-caption-text\">Keramika Jovanovi\u0107<\/figcaption>\n\t\t\t\t\t\t\t\t\t\t<\/figure>\n\t\t\t\t\t\t\t\t\t<\/div>\n\t\t\t\t<\/div>\n\t\t\t\t<\/div>\n\t\t<div class=\"elementor-element elementor-element-621d25f e-con-full e-flex e-con e-child\" data-id=\"621d25f\" data-element_type=\"container\" data-settings=\"{&quot;content_width&quot;:&quot;full&quot;}\">\n\t\t\t\t<div class=\"elementor-element elementor-element-70d681a elementor-widget elementor-widget-image\" data-id=\"70d681a\" data-element_type=\"widget\" data-widget_type=\"image.default\">\n\t\t\t\t<div class=\"elementor-widget-container\">\n\t\t\t\t\t\t\t\t\t\t\t\t<figure class=\"wp-caption\">\n\t\t\t\t\t\t\t\t\t\t\t<a href=\"https:\/\/fotonserbia.rs\/\">\n\t\t\t\t\t\t\t<img loading=\"lazy\" decoding=\"async\" width=\"1024\" height=\"700\" src=\"https:\/\/foxhome.rs\/wp-content\/uploads\/2025\/09\/foton-1024x702-baner-3.jpg\" class=\"elementor-animation-grow attachment-large size-large wp-image-2457\" alt=\"\" srcset=\"https:\/\/foxhome.rs\/wp-content\/uploads\/2025\/09\/foton-1024x702-baner-3.jpg 1024w, https:\/\/foxhome.rs\/wp-content\/uploads\/2025\/09\/foton-1024x702-baner-3-300x205.jpg 300w, https:\/\/foxhome.rs\/wp-content\/uploads\/2025\/09\/foton-1024x702-baner-3-768x525.jpg 768w\" sizes=\"auto, (max-width: 1024px) 100vw, 1024px\" \/>\t\t\t\t\t\t\t\t<\/a>\n\t\t\t\t\t\t\t\t\t\t\t<figcaption class=\"widget-image-caption wp-caption-text\">Foton<\/figcaption>\n\t\t\t\t\t\t\t\t\t\t<\/figure>\n\t\t\t\t\t\t\t\t\t<\/div>\n\t\t\t\t<\/div>\n\t\t\t\t<div class=\"elementor-element elementor-element-77dbb3d elementor-widget elementor-widget-image\" data-id=\"77dbb3d\" data-element_type=\"widget\" data-widget_type=\"image.default\">\n\t\t\t\t<div class=\"elementor-widget-container\">\n\t\t\t\t\t\t\t\t\t\t\t\t<figure class=\"wp-caption\">\n\t\t\t\t\t\t\t\t\t\t\t<a href=\"https:\/\/www.saranamestaj.com\">\n\t\t\t\t\t\t\t<img loading=\"lazy\" decoding=\"async\" width=\"1024\" height=\"741\" src=\"https:\/\/foxhome.rs\/wp-content\/uploads\/2023\/10\/ug-astra-1024x741.jpg\" class=\"elementor-animation-grow attachment-large size-large wp-image-1896\" alt=\"\" srcset=\"https:\/\/foxhome.rs\/wp-content\/uploads\/2023\/10\/ug-astra-1024x741.jpg 1024w, https:\/\/foxhome.rs\/wp-content\/uploads\/2023\/10\/ug-astra-300x217.jpg 300w, https:\/\/foxhome.rs\/wp-content\/uploads\/2023\/10\/ug-astra-768x556.jpg 768w, https:\/\/foxhome.rs\/wp-content\/uploads\/2023\/10\/ug-astra-1536x1111.jpg 1536w, https:\/\/foxhome.rs\/wp-content\/uploads\/2023\/10\/ug-astra-2048x1482.jpg 2048w\" sizes=\"auto, (max-width: 1024px) 100vw, 1024px\" \/>\t\t\t\t\t\t\t\t<\/a>\n\t\t\t\t\t\t\t\t\t\t\t<figcaption class=\"widget-image-caption wp-caption-text\">Sara name\u0161taj<\/figcaption>\n\t\t\t\t\t\t\t\t\t\t<\/figure>\n\t\t\t\t\t\t\t\t\t<\/div>\n\t\t\t\t<\/div>\n\t\t\t\t<\/div>\n\t\t<div class=\"elementor-element elementor-element-dde71b2 e-con-full e-flex e-con e-child\" data-id=\"dde71b2\" data-element_type=\"container\" data-settings=\"{&quot;content_width&quot;:&quot;full&quot;}\">\n\t\t\t\t<div class=\"elementor-element elementor-element-112ed73 elementor-widget elementor-widget-image\" data-id=\"112ed73\" data-element_type=\"widget\" data-widget_type=\"image.default\">\n\t\t\t\t<div class=\"elementor-widget-container\">\n\t\t\t\t\t\t\t\t\t\t\t\t<figure class=\"wp-caption\">\n\t\t\t\t\t\t\t\t\t\t\t<a href=\"https:\/\/uradi-sam.rs\">\n\t\t\t\t\t\t\t<img loading=\"lazy\" decoding=\"async\" width=\"1024\" height=\"675\" src=\"https:\/\/foxhome.rs\/wp-content\/uploads\/2023\/09\/fox-home-1-1024x675.jpg\" class=\"elementor-animation-grow attachment-large size-large wp-image-1461\" alt=\"\" srcset=\"https:\/\/foxhome.rs\/wp-content\/uploads\/2023\/09\/fox-home-1-1024x675.jpg 1024w, https:\/\/foxhome.rs\/wp-content\/uploads\/2023\/09\/fox-home-1-300x198.jpg 300w, https:\/\/foxhome.rs\/wp-content\/uploads\/2023\/09\/fox-home-1-768x506.jpg 768w, https:\/\/foxhome.rs\/wp-content\/uploads\/2023\/09\/fox-home-1.jpg 1280w\" sizes=\"auto, (max-width: 1024px) 100vw, 1024px\" \/>\t\t\t\t\t\t\t\t<\/a>\n\t\t\t\t\t\t\t\t\t\t\t<figcaption class=\"widget-image-caption wp-caption-text\">Uradi Sam<\/figcaption>\n\t\t\t\t\t\t\t\t\t\t<\/figure>\n\t\t\t\t\t\t\t\t\t<\/div>\n\t\t\t\t<\/div>\n\t\t\t\t<div class=\"elementor-element elementor-element-8344324 elementor-widget elementor-widget-image\" data-id=\"8344324\" data-element_type=\"widget\" data-widget_type=\"image.default\">\n\t\t\t\t<div class=\"elementor-widget-container\">\n\t\t\t\t\t\t\t\t\t\t\t\t<figure class=\"wp-caption\">\n\t\t\t\t\t\t\t\t\t\t\t<a href=\"https:\/\/www.suzuki-srbija.rs\/\">\n\t\t\t\t\t\t\t<img loading=\"lazy\" decoding=\"async\" width=\"1024\" height=\"683\" src=\"https:\/\/foxhome.rs\/wp-content\/uploads\/2023\/09\/Vitara-Elegance_2-1024x683.jpg\" class=\"elementor-animation-grow attachment-large size-large wp-image-1543\" alt=\"\" srcset=\"https:\/\/foxhome.rs\/wp-content\/uploads\/2023\/09\/Vitara-Elegance_2-1024x683.jpg 1024w, https:\/\/foxhome.rs\/wp-content\/uploads\/2023\/09\/Vitara-Elegance_2-300x200.jpg 300w, https:\/\/foxhome.rs\/wp-content\/uploads\/2023\/09\/Vitara-Elegance_2-768x512.jpg 768w, https:\/\/foxhome.rs\/wp-content\/uploads\/2023\/09\/Vitara-Elegance_2-1536x1024.jpg 1536w, https:\/\/foxhome.rs\/wp-content\/uploads\/2023\/09\/Vitara-Elegance_2-2048x1365.jpg 2048w\" sizes=\"auto, (max-width: 1024px) 100vw, 1024px\" \/>\t\t\t\t\t\t\t\t<\/a>\n\t\t\t\t\t\t\t\t\t\t\t<figcaption class=\"widget-image-caption wp-caption-text\">Euro Sumar<\/figcaption>\n\t\t\t\t\t\t\t\t\t\t<\/figure>\n\t\t\t\t\t\t\t\t\t<\/div>\n\t\t\t\t<\/div>\n\t\t\t\t<\/div>\n\t\t\t\t<\/div>\n\t\t\t\t\t\t\t<\/div>\n\t\t","protected":false},"excerpt":{"rendered":"<p>Sve za ku\u0107u na jednom mestu! Svetofor Keramika Jovanovi\u0107 Foton Sara name\u0161taj Uradi Sam Euro Sumar<\/p>\n","protected":false},"author":1,"featured_media":0,"parent":0,"menu_order":0,"comment_status":"closed","ping_status":"closed","template":"elementor_header_footer","meta":{"site-sidebar-layout":"default","site-content-layout":"","ast-site-content-layout":"","site-content-style":"default","site-sidebar-style":"default","ast-global-header-display":"","ast-banner-title-visibility":"","ast-main-header-display":"","ast-hfb-above-header-display":"","ast-hfb-below-header-display":"","ast-hfb-mobile-header-display":"","site-post-title":"","ast-breadcrumbs-content":"","ast-featured-img":"","footer-sml-layout":"","theme-transparent-header-meta":"","adv-header-id-meta":"","stick-header-meta":"","header-above-stick-meta":"","header-main-stick-meta":"","header-below-stick-meta":"","astra-migrate-meta-layouts":"","footnotes":""},"class_list":["post-1054","page","type-page","status-publish","hentry"],"_links":{"self":[{"href":"https:\/\/foxhome.rs\/index.php?rest_route=\/wp\/v2\/pages\/1054","targetHints":{"allow":["GET"]}}],"collection":[{"href":"https:\/\/foxhome.rs\/index.php?rest_route=\/wp\/v2\/pages"}],"about":[{"href":"https:\/\/foxhome.rs\/index.php?rest_route=\/wp\/v2\/types\/page"}],"author":[{"embeddable":true,"href":"https:\/\/foxhome.rs\/index.php?rest_route=\/wp\/v2\/users\/1"}],"replies":[{"embeddable":true,"href":"https:\/\/foxhome.rs\/index.php?rest_route=%2Fwp%2Fv2%2Fcomments&post=1054"}],"version-history":[{"count":70,"href":"https:\/\/foxhome.rs\/index.php?rest_route=\/wp\/v2\/pages\/1054\/revisions"}],"predecessor-version":[{"id":2490,"href":"https:\/\/foxhome.rs\/index.php?rest_route=\/wp\/v2\/pages\/1054\/revisions\/2490"}],"wp:attachment":[{"href":"https:\/\/foxhome.rs\/index.php?rest_route=%2Fwp%2Fv2%2Fmedia&parent=1054"}],"curies":[{"name":"wp","href":"https:\/\/api.w.org\/{rel}","templated":true}]}}