{"id":1055,"date":"2023-09-21T09:30:45","date_gmt":"2023-09-21T09:30:45","guid":{"rendered":"https:\/\/foxhome.rs\/?page_id=1055"},"modified":"2024-12-31T10:25:07","modified_gmt":"2024-12-31T10:25:07","slug":"novosti","status":"publish","type":"page","link":"https:\/\/foxhome.rs\/?page_id=1055","title":{"rendered":"Novosti"},"content":{"rendered":"\t\t<div data-elementor-type=\"wp-page\" data-elementor-id=\"1055\" class=\"elementor elementor-1055\" data-elementor-post-type=\"page\">\n\t\t\t\t\t\t\t<div class=\"elementor-element elementor-element-a88d229 e-flex e-con-boxed e-con e-parent\" data-id=\"a88d229\" data-element_type=\"container\" data-settings=\"{&quot;content_width&quot;:&quot;boxed&quot;}\" data-core-v316-plus=\"true\">\n\t\t\t\t\t<div class=\"e-con-inner\">\n\t\t\t\t\t<\/div>\n\t\t\t\t<\/div>\n\t\t<div class=\"elementor-element elementor-element-2c3a91e e-flex e-con-boxed e-con e-parent\" data-id=\"2c3a91e\" data-element_type=\"container\" data-settings=\"{&quot;content_width&quot;:&quot;boxed&quot;}\" data-core-v316-plus=\"true\">\n\t\t\t\t\t<div class=\"e-con-inner\">\n\t\t\t\t\t<\/div>\n\t\t\t\t<\/div>\n\t\t<div class=\"elementor-element elementor-element-63f6222 e-flex e-con-boxed e-con e-parent\" data-id=\"63f6222\" data-element_type=\"container\" data-settings=\"{&quot;content_width&quot;:&quot;boxed&quot;}\" data-core-v316-plus=\"true\">\n\t\t\t\t\t<div class=\"e-con-inner\">\n\t\t<div class=\"elementor-element elementor-element-401bdee e-con-full e-flex e-con e-child\" data-id=\"401bdee\" data-element_type=\"container\" data-settings=\"{&quot;content_width&quot;:&quot;full&quot;}\">\n\t\t\t\t<div class=\"elementor-element elementor-element-c10efec elementor-widget elementor-widget-image\" data-id=\"c10efec\" data-element_type=\"widget\" data-widget_type=\"image.default\">\n\t\t\t\t<div class=\"elementor-widget-container\">\n\t\t\t<style>\/*! elementor - v3.16.0 - 20-09-2023 *\/\n.elementor-widget-image{text-align:center}.elementor-widget-image a{display:inline-block}.elementor-widget-image a img[src$=\".svg\"]{width:48px}.elementor-widget-image img{vertical-align:middle;display:inline-block}<\/style>\t\t\t\t\t\t\t\t\t<figure class=\"wp-caption\">\n\t\t\t\t\t\t\t\t\t\t\t<a href=\"https:\/\/foxhome.rs\/?page_id=%202327\">\n\t\t\t\t\t\t\t<img loading=\"lazy\" decoding=\"async\" width=\"1024\" height=\"537\" src=\"https:\/\/foxhome.rs\/wp-content\/uploads\/2024\/12\/RadnoVreme1366-1024x537.jpg\" class=\"attachment-large size-large wp-image-2359\" alt=\"\" srcset=\"https:\/\/foxhome.rs\/wp-content\/uploads\/2024\/12\/RadnoVreme1366-1024x537.jpg 1024w, https:\/\/foxhome.rs\/wp-content\/uploads\/2024\/12\/RadnoVreme1366-300x157.jpg 300w, https:\/\/foxhome.rs\/wp-content\/uploads\/2024\/12\/RadnoVreme1366-768x403.jpg 768w, https:\/\/foxhome.rs\/wp-content\/uploads\/2024\/12\/RadnoVreme1366.jpg 1366w\" sizes=\"auto, (max-width: 1024px) 100vw, 1024px\" \/>\t\t\t\t\t\t\t\t<\/a>\n\t\t\t\t\t\t\t\t\t\t\t<figcaption class=\"widget-image-caption wp-caption-text\">Radno vreme tokom praznika<\/figcaption>\n\t\t\t\t\t\t\t\t\t\t<\/figure>\n\t\t\t\t\t\t\t\t\t<\/div>\n\t\t\t\t<\/div>\n\t\t\t\t<div class=\"elementor-element elementor-element-775e5bd elementor-widget elementor-widget-image\" data-id=\"775e5bd\" data-element_type=\"widget\" data-widget_type=\"image.default\">\n\t\t\t\t<div class=\"elementor-widget-container\">\n\t\t\t\t\t\t\t\t\t\t\t\t<figure class=\"wp-caption\">\n\t\t\t\t\t\t\t\t\t\t\t<a href=\"https:\/\/foxhome.rs\/?page_id=%202327\">\n\t\t\t\t\t\t\t<img loading=\"lazy\" decoding=\"async\" width=\"1024\" height=\"537\" src=\"https:\/\/foxhome.rs\/wp-content\/uploads\/2023\/12\/Radno-thumb-1024x537.jpg\" class=\"attachment-large size-large wp-image-2094\" alt=\"\" srcset=\"https:\/\/foxhome.rs\/wp-content\/uploads\/2023\/12\/Radno-thumb-1024x537.jpg 1024w, https:\/\/foxhome.rs\/wp-content\/uploads\/2023\/12\/Radno-thumb-300x157.jpg 300w, https:\/\/foxhome.rs\/wp-content\/uploads\/2023\/12\/Radno-thumb-768x403.jpg 768w, https:\/\/foxhome.rs\/wp-content\/uploads\/2023\/12\/Radno-thumb.jpg 1366w\" sizes=\"auto, (max-width: 1024px) 100vw, 1024px\" \/>\t\t\t\t\t\t\t\t<\/a>\n\t\t\t\t\t\t\t\t\t\t\t<figcaption class=\"widget-image-caption wp-caption-text\">Prazni\u010dno radno vreme!<\/figcaption>\n\t\t\t\t\t\t\t\t\t\t<\/figure>\n\t\t\t\t\t\t\t\t\t<\/div>\n\t\t\t\t<\/div>\n\t\t\t\t<div class=\"elementor-element elementor-element-e2afd34 elementor-widget elementor-widget-image\" data-id=\"e2afd34\" data-element_type=\"widget\" data-widget_type=\"image.default\">\n\t\t\t\t<div class=\"elementor-widget-container\">\n\t\t\t\t\t\t\t\t\t\t\t\t<figure class=\"wp-caption\">\n\t\t\t\t\t\t\t\t\t\t\t<a href=\"https:\/\/foxhome.rs\/?page_id=1628\">\n\t\t\t\t\t\t\t<img loading=\"lazy\" decoding=\"async\" width=\"1024\" height=\"537\" src=\"https:\/\/foxhome.rs\/wp-content\/uploads\/2023\/09\/Baner-za-otvaranje-1-1024x537.jpg\" class=\"attachment-large size-large wp-image-1775\" alt=\"\" srcset=\"https:\/\/foxhome.rs\/wp-content\/uploads\/2023\/09\/Baner-za-otvaranje-1-1024x537.jpg 1024w, https:\/\/foxhome.rs\/wp-content\/uploads\/2023\/09\/Baner-za-otvaranje-1-300x157.jpg 300w, https:\/\/foxhome.rs\/wp-content\/uploads\/2023\/09\/Baner-za-otvaranje-1-768x403.jpg 768w, https:\/\/foxhome.rs\/wp-content\/uploads\/2023\/09\/Baner-za-otvaranje-1.jpg 1366w\" sizes=\"auto, (max-width: 1024px) 100vw, 1024px\" \/>\t\t\t\t\t\t\t\t<\/a>\n\t\t\t\t\t\t\t\t\t\t\t<figcaption class=\"widget-image-caption wp-caption-text\">Veliko otvaranje!<\/figcaption>\n\t\t\t\t\t\t\t\t\t\t<\/figure>\n\t\t\t\t\t\t\t\t\t<\/div>\n\t\t\t\t<\/div>\n\t\t\t\t<\/div>\n\t\t<div class=\"elementor-element elementor-element-77491aa e-con-full e-flex e-con e-child\" data-id=\"77491aa\" data-element_type=\"container\" data-settings=\"{&quot;content_width&quot;:&quot;full&quot;}\">\n\t\t\t\t<div class=\"elementor-element elementor-element-2dde655 elementor-widget elementor-widget-image\" data-id=\"2dde655\" data-element_type=\"widget\" data-widget_type=\"image.default\">\n\t\t\t\t<div class=\"elementor-widget-container\">\n\t\t\t\t\t\t\t\t\t\t\t\t<figure class=\"wp-caption\">\n\t\t\t\t\t\t\t\t\t\t\t<a href=\"https:\/\/foxhome.rs\/?page_id=2164\">\n\t\t\t\t\t\t\t<img loading=\"lazy\" decoding=\"async\" width=\"1024\" height=\"537\" src=\"https:\/\/foxhome.rs\/wp-content\/uploads\/2024\/04\/April-thumb-1024x537.jpg\" class=\"attachment-large size-large wp-image-2257\" alt=\"\" srcset=\"https:\/\/foxhome.rs\/wp-content\/uploads\/2024\/04\/April-thumb-1024x537.jpg 1024w, https:\/\/foxhome.rs\/wp-content\/uploads\/2024\/04\/April-thumb-300x157.jpg 300w, https:\/\/foxhome.rs\/wp-content\/uploads\/2024\/04\/April-thumb-768x403.jpg 768w, https:\/\/foxhome.rs\/wp-content\/uploads\/2024\/04\/April-thumb.jpg 1366w\" sizes=\"auto, (max-width: 1024px) 100vw, 1024px\" \/>\t\t\t\t\t\t\t\t<\/a>\n\t\t\t\t\t\t\t\t\t\t\t<figcaption class=\"widget-image-caption wp-caption-text\">Ostvari \u010dak 20% popusta na FOX televizore!<\/figcaption>\n\t\t\t\t\t\t\t\t\t\t<\/figure>\n\t\t\t\t\t\t\t\t\t<\/div>\n\t\t\t\t<\/div>\n\t\t\t\t<div class=\"elementor-element elementor-element-f91c71c elementor-widget elementor-widget-image\" data-id=\"f91c71c\" data-element_type=\"widget\" data-widget_type=\"image.default\">\n\t\t\t\t<div class=\"elementor-widget-container\">\n\t\t\t\t\t\t\t\t\t\t\t\t<figure class=\"wp-caption\">\n\t\t\t\t\t\t\t\t\t\t\t<a href=\"https:\/\/foxhome.rs\/?page_id=2117\">\n\t\t\t\t\t\t\t<img loading=\"lazy\" decoding=\"async\" width=\"1024\" height=\"537\" src=\"https:\/\/foxhome.rs\/wp-content\/uploads\/2024\/03\/Mart-thumbnail-1024x537.jpg\" class=\"attachment-large size-large wp-image-2140\" alt=\"\" srcset=\"https:\/\/foxhome.rs\/wp-content\/uploads\/2024\/03\/Mart-thumbnail-1024x537.jpg 1024w, https:\/\/foxhome.rs\/wp-content\/uploads\/2024\/03\/Mart-thumbnail-300x157.jpg 300w, https:\/\/foxhome.rs\/wp-content\/uploads\/2024\/03\/Mart-thumbnail-768x403.jpg 768w, https:\/\/foxhome.rs\/wp-content\/uploads\/2024\/03\/Mart-thumbnail.jpg 1366w\" sizes=\"auto, (max-width: 1024px) 100vw, 1024px\" \/>\t\t\t\t\t\t\t\t<\/a>\n\t\t\t\t\t\t\t\t\t\t\t<figcaption class=\"widget-image-caption wp-caption-text\">Ako opremate va\u0161 dom, do\u0111ite u Fox Home!<\/figcaption>\n\t\t\t\t\t\t\t\t\t\t<\/figure>\n\t\t\t\t\t\t\t\t\t<\/div>\n\t\t\t\t<\/div>\n\t\t\t\t<div class=\"elementor-element elementor-element-34090c7 elementor-widget elementor-widget-image\" data-id=\"34090c7\" data-element_type=\"widget\" data-widget_type=\"image.default\">\n\t\t\t\t<div class=\"elementor-widget-container\">\n\t\t\t\t\t\t\t\t\t\t\t\t<figure class=\"wp-caption\">\n\t\t\t\t\t\t\t\t\t\t\t<a href=\"https:\/\/foxhome.rs\/?page_id=1943\">\n\t\t\t\t\t\t\t<img loading=\"lazy\" decoding=\"async\" width=\"1024\" height=\"537\" src=\"https:\/\/foxhome.rs\/wp-content\/uploads\/2023\/12\/NG-thumb-1024x537.jpg\" class=\"attachment-large size-large wp-image-2079\" alt=\"\" srcset=\"https:\/\/foxhome.rs\/wp-content\/uploads\/2023\/12\/NG-thumb-1024x537.jpg 1024w, https:\/\/foxhome.rs\/wp-content\/uploads\/2023\/12\/NG-thumb-300x157.jpg 300w, https:\/\/foxhome.rs\/wp-content\/uploads\/2023\/12\/NG-thumb-768x403.jpg 768w, https:\/\/foxhome.rs\/wp-content\/uploads\/2023\/12\/NG-thumb.jpg 1366w\" sizes=\"auto, (max-width: 1024px) 100vw, 1024px\" \/>\t\t\t\t\t\t\t\t<\/a>\n\t\t\t\t\t\t\t\t\t\t\t<figcaption class=\"widget-image-caption wp-caption-text\">Dani novogodi\u0161nje kupovine!<\/figcaption>\n\t\t\t\t\t\t\t\t\t\t<\/figure>\n\t\t\t\t\t\t\t\t\t<\/div>\n\t\t\t\t<\/div>\n\t\t\t\t<div class=\"elementor-element elementor-element-de987d6 elementor-widget elementor-widget-image\" data-id=\"de987d6\" data-element_type=\"widget\" data-widget_type=\"image.default\">\n\t\t\t\t<div class=\"elementor-widget-container\">\n\t\t\t\t\t\t\t\t\t\t\t\t<figure class=\"wp-caption\">\n\t\t\t\t\t\t\t\t\t\t\t<a href=\"https:\/\/foxhome.rs\/?page_id=2073\">\n\t\t\t\t\t\t\t<img loading=\"lazy\" decoding=\"async\" width=\"1024\" height=\"537\" src=\"https:\/\/foxhome.rs\/wp-content\/uploads\/2023\/11\/Sajt-vesti-thumbnail-1-1024x537.jpg\" class=\"attachment-large size-large wp-image-1984\" alt=\"\" srcset=\"https:\/\/foxhome.rs\/wp-content\/uploads\/2023\/11\/Sajt-vesti-thumbnail-1-1024x537.jpg 1024w, https:\/\/foxhome.rs\/wp-content\/uploads\/2023\/11\/Sajt-vesti-thumbnail-1-300x157.jpg 300w, https:\/\/foxhome.rs\/wp-content\/uploads\/2023\/11\/Sajt-vesti-thumbnail-1-768x403.jpg 768w, https:\/\/foxhome.rs\/wp-content\/uploads\/2023\/11\/Sajt-vesti-thumbnail-1.jpg 1366w\" sizes=\"auto, (max-width: 1024px) 100vw, 1024px\" \/>\t\t\t\t\t\t\t\t<\/a>\n\t\t\t\t\t\t\t\t\t\t\t<figcaption class=\"widget-image-caption wp-caption-text\">BLACK FRIDAY Popusti u TC FOX HOME<\/figcaption>\n\t\t\t\t\t\t\t\t\t\t<\/figure>\n\t\t\t\t\t\t\t\t\t<\/div>\n\t\t\t\t<\/div>\n\t\t\t\t<\/div>\n\t\t\t\t\t<\/div>\n\t\t\t\t<\/div>\n\t\t\t\t\t\t\t<\/div>\n\t\t","protected":false},"excerpt":{"rendered":"<p>Radno vreme tokom praznika Prazni\u010dno radno vreme! Veliko otvaranje! Ostvari \u010dak 20% popusta na FOX televizore! Ako opremate va\u0161 dom, do\u0111ite u Fox Home! Dani novogodi\u0161nje kupovine! BLACK FRIDAY Popusti u TC FOX HOME<\/p>\n","protected":false},"author":1,"featured_media":0,"parent":0,"menu_order":0,"comment_status":"closed","ping_status":"closed","template":"elementor_header_footer","meta":{"site-sidebar-layout":"no-sidebar","site-content-layout":"","ast-site-content-layout":"full-width-container","site-content-style":"default","site-sidebar-style":"default","ast-global-header-display":"","ast-banner-title-visibility":"","ast-main-header-display":"","ast-hfb-above-header-display":"","ast-hfb-below-header-display":"","ast-hfb-mobile-header-display":"","site-post-title":"disabled","ast-breadcrumbs-content":"","ast-featured-img":"disabled","footer-sml-layout":"","theme-transparent-header-meta":"","adv-header-id-meta":"","stick-header-meta":"","header-above-stick-meta":"","header-main-stick-meta":"","header-below-stick-meta":"","astra-migrate-meta-layouts":"","footnotes":""},"class_list":["post-1055","page","type-page","status-publish","hentry"],"_links":{"self":[{"href":"https:\/\/foxhome.rs\/index.php?rest_route=\/wp\/v2\/pages\/1055","targetHints":{"allow":["GET"]}}],"collection":[{"href":"https:\/\/foxhome.rs\/index.php?rest_route=\/wp\/v2\/pages"}],"about":[{"href":"https:\/\/foxhome.rs\/index.php?rest_route=\/wp\/v2\/types\/page"}],"author":[{"embeddable":true,"href":"https:\/\/foxhome.rs\/index.php?rest_route=\/wp\/v2\/users\/1"}],"replies":[{"embeddable":true,"href":"https:\/\/foxhome.rs\/index.php?rest_route=%2Fwp%2Fv2%2Fcomments&post=1055"}],"version-history":[{"count":88,"href":"https:\/\/foxhome.rs\/index.php?rest_route=\/wp\/v2\/pages\/1055\/revisions"}],"predecessor-version":[{"id":2362,"href":"https:\/\/foxhome.rs\/index.php?rest_route=\/wp\/v2\/pages\/1055\/revisions\/2362"}],"wp:attachment":[{"href":"https:\/\/foxhome.rs\/index.php?rest_route=%2Fwp%2Fv2%2Fmedia&parent=1055"}],"curies":[{"name":"wp","href":"https:\/\/api.w.org\/{rel}","templated":true}]}}