{"id":1492,"date":"2023-09-26T13:23:15","date_gmt":"2023-09-26T13:23:15","guid":{"rendered":"https:\/\/foxhome.rs\/?page_id=1492"},"modified":"2023-09-26T13:24:40","modified_gmt":"2023-09-26T13:24:40","slug":"kolacici","status":"publish","type":"page","link":"https:\/\/foxhome.rs\/?page_id=1492","title":{"rendered":"Kolacici"},"content":{"rendered":"\t\t<div data-elementor-type=\"wp-page\" data-elementor-id=\"1492\" class=\"elementor elementor-1492\" data-elementor-post-type=\"page\">\n\t\t\t\t\t\t\t<div class=\"elementor-element elementor-element-b533a88 e-flex e-con-boxed e-con e-parent\" data-id=\"b533a88\" data-element_type=\"container\" data-settings=\"{&quot;content_width&quot;:&quot;boxed&quot;}\" data-core-v316-plus=\"true\">\n\t\t\t\t\t<div class=\"e-con-inner\">\n\t\t\t\t<div class=\"elementor-element elementor-element-5c95e07 elementor-widget elementor-widget-text-editor\" data-id=\"5c95e07\" data-element_type=\"widget\" data-widget_type=\"text-editor.default\">\n\t\t\t\t<div class=\"elementor-widget-container\">\n\t\t\t<style>\/*! elementor - v3.16.0 - 20-09-2023 *\/\n.elementor-widget-text-editor.elementor-drop-cap-view-stacked .elementor-drop-cap{background-color:#69727d;color:#fff}.elementor-widget-text-editor.elementor-drop-cap-view-framed .elementor-drop-cap{color:#69727d;border:3px solid;background-color:transparent}.elementor-widget-text-editor:not(.elementor-drop-cap-view-default) .elementor-drop-cap{margin-top:8px}.elementor-widget-text-editor:not(.elementor-drop-cap-view-default) .elementor-drop-cap-letter{width:1em;height:1em}.elementor-widget-text-editor .elementor-drop-cap{float:left;text-align:center;line-height:1;font-size:50px}.elementor-widget-text-editor .elementor-drop-cap-letter{display:inline-block}<\/style>\t\t\t\t<p class=\"MsoNormal\" style=\"margin: 0in; font-size: medium; font-family: Calibri, sans-serif; caret-color: #000000; color: #000000; font-style: normal;\"><b><span style=\"font-size: 24pt; font-family: 'Times New Roman', serif;\">Obave\u0161tenje o kola\u010di\u0107ima(cookies)<\/span><\/b><\/p><p class=\"MsoNormal\" style=\"margin: 0in; font-size: medium; font-family: Calibri, sans-serif; caret-color: #000000; color: #000000; font-style: normal;\"><span style=\"font-family: 'Times New Roman', serif;\">\u00a0<\/span><\/p><p class=\"MsoNormal\" style=\"margin: 0in; font-size: medium; font-family: Calibri, sans-serif; caret-color: #000000; color: #000000; font-style: normal;\"><span style=\"font-family: 'Times New Roman', serif;\">1. Uvod<\/span><\/p><p class=\"MsoNormal\" style=\"margin: 0in; font-size: medium; font-family: Calibri, sans-serif; caret-color: #000000; color: #000000; font-style: normal;\"><span style=\"font-family: 'Times New Roman', serif;\">Tokom kori\u0161\u0107enja ove internet stranice, FOXHOME.RS mo\u017ee da sa\u010duva odre\u0111ene informacije putem kola\u010di\u0107a (\u201dcookie\u201d) na ra\u010dunar korisnika i time omogu\u0107ava stranici da vam prika\u017ee informacije koje su prilago\u0111ene va\u0161im potrebama. Ovaj dokument pru\u017ea detaljne informacije o upotrebi kola\u010di\u0107a i sli\u010dnih tehnologija, metodama upravljanja kola\u010di\u0107ima te kako se koriste unutar ove internet stranice.<\/span><\/p><p class=\"MsoNormal\" style=\"margin: 0in; font-size: medium; font-family: Calibri, sans-serif; caret-color: #000000; color: #000000; font-style: normal;\"><span style=\"font-family: 'Times New Roman', serif;\">2. \u0160to je to kola\u010di\u0107 (cookie)?<\/span><\/p><p class=\"MsoNormal\" style=\"margin: 0in; font-size: medium; font-family: Calibri, sans-serif; caret-color: #000000; color: #000000; font-style: normal;\"><span style=\"font-family: 'Times New Roman', serif;\">Kola\u010di\u0107 (cookie) je mala datoteka (koja sadr\u017ei brojeve i slova) koja se \u010duva na korisnikovom ra\u010dunaru u trenutku kad pristupite odre\u0111enim internet stranicama. Kola\u010di\u0107i omogu\u0107avaju internet stranici prepoznavanje interesa korisnika prema onome \u0161to je korisnik prilikom povratka na stranicu odabirao. Kola\u010di\u0107 sam po sebi ne sadr\u017ei niti prikuplja podatke. Me\u0111utim, kad ga server pripremi u kombinaciji sa internet pregleda\u010dem (browser), on mo\u017ee pomo\u0107i internet stranici da isporu\u010di korisniku prilago\u0111eniju uslugu \u2013na primer, pam\u0107enje prethodnih poseta stranicama i pona\u0161anja na njima. Kola\u010di\u0107i se nalaze u memoriji va\u0161eg pregleda\u010da i svaki obi\u010dno sadr\u017ei podatke kao \u0161to su npr. naziv servera sa kojeg je kola\u010di\u0107 poslat, vreme trajanja kola\u010di\u0107a i vrednost (obi\u010dno slu\u010dajno generisan jedinstveni broj). Koje kola\u010di\u0107e koristimo i za\u0161to? FOXHOME.RS koristi kola\u010di\u0107e u svrhu ogla\u0161avanja svojih proizvoda. Prikazivanje oglasa koje korisniku dostavlja FOXHOME.RS omogu\u0107uje se putem kola\u010di\u0107a koje FOXHOME.RS mo\u017ee da postavi u Internet pregleda\u010d korisnika. FOXHOME.RS tako\u0111e upotrebljava kola\u010di\u0107e u svrhu merenja pose\u0107enosti i ogla\u0161avanja proizvoda\/usluga i to na samoj veb stranici, na mre\u017eama multimedijalnog ogla\u0161avanja, kao i kroz kori\u0161\u0107enje remarketinga. Upotrebom kola\u010di\u0107a dobavlja\u010di tre\u0107e strane (uklju\u010duju\u0107i i Google), u saradnji sa FOXHOME.RS prikazuju na\u0161e oglase na veblokacijama na celom internetu. Posebno isti\u010demo da mo\u017eete da isklju\u010dite usluge Google Analytics za ogla\u0161avanje na mre\u017eama multimedijalnog ogla\u0161avanja i prilagoditi oglase za Google mre\u017eu multimedijalnog ogla\u0161avanja. FOXHOME.RS koristi privremene kola\u010di\u0107e (\u201dSession cookies\u201d) i stalne kola\u010di\u0107e (\u201dPersistent cookies\u201d). Privremeni kola\u010di\u0107i ili kola\u010di\u0107i sesije su kola\u010di\u0107i koji se uklanjaju sa ra\u010dunara nakon zatvaranja internet pregleda\u010da. Pomo\u0107u njih Internet stranice \u010duvaju privremene podatke. Stalni ili trajni kola\u010di\u0107i su oni kola\u010di\u0107i koji ostaju na ra\u010dunaru nakon zatvaranja internet pregleda\u010da. Pomo\u0107u njih Internet stranice \u010duvaju podatke, kao \u0161to su ime za prijavu i lozinka, tako da se ne morate prijavljivati prilikom svake posete odre\u0111enim stranicama. Stalni kola\u010di\u0107i mogu ostati na ra\u010dunaru danima, mesecima i godinama.Kola\u010di\u0107i prve strane su kola\u010di\u0107i koji dolaze s Internet stranice koje gledate, a mogu biti stalni ili privremeni. Pomo\u0107u tih kola\u010di\u0107a Internet stranice mogu \u010duvati podatke koje \u0107e ponovo koristiti prilikom slede\u0107e posete toj Internet stranici. Koliko dugo FOXHOME.RS \u010duva moje podatke? FOXHOME.RS \u010duva sve podatke koje korisnici ostave putem veb formulara u skladu sa va\u017ee\u0107im zakonskim propisima i eti\u010dkim standardima za \u010duvanje, izve\u0161tavanje i dokumentovanje li\u010dnih podataka. Svi prikupljeni podaci se koriste isklju\u010divo radi izvr\u0161avanja upita i narud\u017ebi koje ste ostavili na na\u0161im stranicama. Vremenski period tokom kojeg se \u010duvaju podaci je odre\u0111en na vreme potrebno za ostvarenje svrhe prikupljanja podataka.<\/span><\/p><p class=\"MsoNormal\" style=\"margin: 0in; font-size: medium; font-family: Calibri, sans-serif; caret-color: #000000; color: #000000; font-style: normal;\"><span style=\"font-family: 'Times New Roman', serif;\">3. Kako mo\u017eete onemogu\u0107iti kola\u010di\u0107e?<\/span><\/p><p class=\"MsoNormal\" style=\"margin: 0in; font-size: medium; font-family: Calibri, sans-serif; caret-color: #000000; color: #000000; font-style: normal;\"><span style=\"font-family: 'Times New Roman', serif;\">Ukoliko to \u017eelite, mo\u017eete onemogu\u0107iti \u010duvanje kola\u010di\u0107a na va\u0161em ra\u010dunaru. Ipak, blokiranje svih kola\u010di\u0107a moglo bi da ima negativan uticaj na kori\u0161\u0107enje mnogih internet stranica, pa tako i ove stranice. Pode\u0161avanja kola\u010di\u0107a mogu da se kontroli\u0161u i konfiguri\u0161u u va\u0161em internet pregleda\u010du. Ukoliko \u017eelite da ih izbri\u0161ete i onemogu\u0107ite, potrebno je da a\u017eurirate pode\u0161avanja va\u0161eg internet pregleda\u010da (informacije o na\u010dinu brisanja i onemogu\u0107avanja kola\u010di\u0107a potra\u017eite u svom internet pregleda\u010du odabirom opcije za pomo\u0107).<br \/><br \/>Vi\u0161e informacija mo\u017eete da prona\u0111ete i na slede\u0107im adresama:<br \/><br \/>http:\/\/www.allaboutcookies.org\/<br \/>http:\/\/www.youronlinechoices.com\/hr\/<br \/>http:\/\/www.aboutads.info\/choices\/<br \/><br \/>FOXHOME.RS isklju\u010duje svaku odgovornost za bilo kakav gubitak funkcionalnosti usluga i kvalitet sadr\u017eaja na stranicama FOXHOME.RS platforme u svim slu\u010dajevima odabira ure\u0111enja primanja kola\u010di\u0107a od strane korisnika. Isto tako, ako \u017eelite, mo\u017eete isklju\u010diti i usluge Google Analytics za ogla\u0161avanje na mre\u017ei multimedijalnog ogla\u0161avanja i prilagoditi oglase za Google mre\u017eu multimedijalnog ogla\u0161avanja.<\/span><\/p><p class=\"MsoNormal\" style=\"margin: 0in; font-size: medium; font-family: Calibri, sans-serif; caret-color: #000000; color: #000000; font-style: normal;\"><span style=\"font-family: 'Times New Roman', serif;\">1. Dodatno o kola\u010di\u0107ima<\/span><\/p><p class=\"MsoNormal\" style=\"margin: 0in; font-size: medium; font-family: Calibri, sans-serif; caret-color: #000000; color: #000000; font-style: normal;\"><span style=\"font-family: 'Times New Roman', serif;\">Dru\u0161tvene mre\u017ee tako\u0111e mogu da postavljaju kola\u010di\u0107e na va\u0161 ra\u010dunar. To se doga\u0111a na veb stranicama koje vam omogu\u0107avaju prijavu i registraciju putem naloga dru\u0161tvenih mre\u017ea te ukoliko delite sadr\u017eaj veb stranice na dru\u0161tvenim mre\u017eama. Konkretni uticaj na va\u0161u privatnost \u0107e se razlikovati od dru\u0161tvene mre\u017ee do dru\u0161tvene mre\u017ee i zavisi od pode\u0161avanja privatnosti koje ste izabrali na tim mre\u017eama. Kako upravljati ovim kola\u010di\u0107ima mo\u017eete saznati na njihovim veb stranicama. FOXHOME.RS \u0107e po\u0161tovati anonimnost i privatnost korisnika njegovih veb stranica. FOXHOME.RS mo\u017ee da prikuplja podatke korisnika, kao \u0161to su npr. ime, adresa, telefonski broj ili e-mail adresa ako iste korisnik dobrovoljno dostavi privrednom dru\u0161tvu FOXHOME.RS putem veb stranice ili drugih kanala komunikacije. FOXHOME.RS \u0107e navedene podatke koristiti isklju\u010divo u svrhu \u0161to boljeg uvida i razumevanja pojedina\u010dnih potreba i zahteva korisnika, kao i razvijanja mogu\u0107nosti \u0161to kvalitetnijeg pru\u017eanja svih usluga na zadovoljstvo korisnika.<\/span><\/p><p class=\"MsoNormal\" style=\"margin: 0in; font-size: medium; font-family: Calibri, sans-serif; caret-color: #000000; color: #000000; font-style: normal;\">\u00a0<\/p>\t\t\t\t\t\t<\/div>\n\t\t\t\t<\/div>\n\t\t\t\t\t<\/div>\n\t\t\t\t<\/div>\n\t\t\t\t\t\t\t<\/div>\n\t\t","protected":false},"excerpt":{"rendered":"<p>Obave\u0161tenje o kola\u010di\u0107ima(cookies) \u00a0 1. Uvod Tokom kori\u0161\u0107enja ove internet stranice, FOXHOME.RS mo\u017ee da sa\u010duva odre\u0111ene informacije putem kola\u010di\u0107a (\u201dcookie\u201d) na ra\u010dunar korisnika i time omogu\u0107ava stranici da vam prika\u017ee informacije koje su prilago\u0111ene va\u0161im potrebama. Ovaj dokument pru\u017ea detaljne informacije o upotrebi kola\u010di\u0107a i sli\u010dnih tehnologija, metodama upravljanja kola\u010di\u0107ima te kako se koriste unutar &hellip;<\/p>\n<p class=\"read-more\"> <a class=\"\" href=\"https:\/\/foxhome.rs\/?page_id=1492\"> <span class=\"screen-reader-text\">Kolacici<\/span> Read More &raquo;<\/a><\/p>\n","protected":false},"author":1,"featured_media":0,"parent":0,"menu_order":0,"comment_status":"closed","ping_status":"closed","template":"elementor_header_footer","meta":{"site-sidebar-layout":"no-sidebar","site-content-layout":"","ast-site-content-layout":"full-width-container","site-content-style":"default","site-sidebar-style":"default","ast-global-header-display":"","ast-banner-title-visibility":"","ast-main-header-display":"","ast-hfb-above-header-display":"","ast-hfb-below-header-display":"","ast-hfb-mobile-header-display":"","site-post-title":"disabled","ast-breadcrumbs-content":"","ast-featured-img":"disabled","footer-sml-layout":"","theme-transparent-header-meta":"","adv-header-id-meta":"","stick-header-meta":"","header-above-stick-meta":"","header-main-stick-meta":"","header-below-stick-meta":"","astra-migrate-meta-layouts":"","footnotes":""},"class_list":["post-1492","page","type-page","status-publish","hentry"],"_links":{"self":[{"href":"https:\/\/foxhome.rs\/index.php?rest_route=\/wp\/v2\/pages\/1492","targetHints":{"allow":["GET"]}}],"collection":[{"href":"https:\/\/foxhome.rs\/index.php?rest_route=\/wp\/v2\/pages"}],"about":[{"href":"https:\/\/foxhome.rs\/index.php?rest_route=\/wp\/v2\/types\/page"}],"author":[{"embeddable":true,"href":"https:\/\/foxhome.rs\/index.php?rest_route=\/wp\/v2\/users\/1"}],"replies":[{"embeddable":true,"href":"https:\/\/foxhome.rs\/index.php?rest_route=%2Fwp%2Fv2%2Fcomments&post=1492"}],"version-history":[{"count":7,"href":"https:\/\/foxhome.rs\/index.php?rest_route=\/wp\/v2\/pages\/1492\/revisions"}],"predecessor-version":[{"id":1499,"href":"https:\/\/foxhome.rs\/index.php?rest_route=\/wp\/v2\/pages\/1492\/revisions\/1499"}],"wp:attachment":[{"href":"https:\/\/foxhome.rs\/index.php?rest_route=%2Fwp%2Fv2%2Fmedia&parent=1492"}],"curies":[{"name":"wp","href":"https:\/\/api.w.org\/{rel}","templated":true}]}}