{"id":1628,"date":"2023-09-28T13:56:02","date_gmt":"2023-09-28T13:56:02","guid":{"rendered":"https:\/\/foxhome.rs\/?page_id=1628"},"modified":"2023-11-07T10:35:31","modified_gmt":"2023-11-07T10:35:31","slug":"veliko-otvaranje","status":"publish","type":"page","link":"https:\/\/foxhome.rs\/?page_id=1628","title":{"rendered":"VELIKO OTVARANJE"},"content":{"rendered":"\t\t<div data-elementor-type=\"wp-page\" data-elementor-id=\"1628\" class=\"elementor elementor-1628\" data-elementor-post-type=\"page\">\n\t\t\t\t\t\t\t<div class=\"elementor-element elementor-element-e5a2666 e-flex e-con-boxed e-con e-parent\" data-id=\"e5a2666\" data-element_type=\"container\" data-settings=\"{&quot;content_width&quot;:&quot;boxed&quot;}\" data-core-v316-plus=\"true\">\n\t\t\t\t\t<div class=\"e-con-inner\">\n\t\t\t\t<div class=\"elementor-element elementor-element-74438eb elementor-widget__width-inherit elementor-widget elementor-widget-image\" data-id=\"74438eb\" data-element_type=\"widget\" data-widget_type=\"image.default\">\n\t\t\t\t<div class=\"elementor-widget-container\">\n\t\t\t<style>\/*! elementor - v3.16.0 - 20-09-2023 *\/\n.elementor-widget-image{text-align:center}.elementor-widget-image a{display:inline-block}.elementor-widget-image a img[src$=\".svg\"]{width:48px}.elementor-widget-image img{vertical-align:middle;display:inline-block}<\/style>\t\t\t\t\t\t\t\t\t<figure class=\"wp-caption\">\n\t\t\t\t\t\t\t\t\t\t<img loading=\"lazy\" decoding=\"async\" width=\"1800\" height=\"811\" src=\"https:\/\/foxhome.rs\/wp-content\/uploads\/2023\/11\/Dobro-dosli-baner-sajt.jpg\" class=\"attachment-full size-full wp-image-1918\" alt=\"\" srcset=\"https:\/\/foxhome.rs\/wp-content\/uploads\/2023\/11\/Dobro-dosli-baner-sajt.jpg 1800w, https:\/\/foxhome.rs\/wp-content\/uploads\/2023\/11\/Dobro-dosli-baner-sajt-300x135.jpg 300w, https:\/\/foxhome.rs\/wp-content\/uploads\/2023\/11\/Dobro-dosli-baner-sajt-1024x461.jpg 1024w, https:\/\/foxhome.rs\/wp-content\/uploads\/2023\/11\/Dobro-dosli-baner-sajt-768x346.jpg 768w, https:\/\/foxhome.rs\/wp-content\/uploads\/2023\/11\/Dobro-dosli-baner-sajt-1536x692.jpg 1536w\" sizes=\"auto, (max-width: 1800px) 100vw, 1800px\" \/>\t\t\t\t\t\t\t\t\t\t\t<figcaption class=\"widget-image-caption wp-caption-text\">Na\u0161a vrata smo zvani\u010dno otvorili 05.10.2023. godine, uz mnogobrojne akcije u maloprodajama tr\u017enog centra!<\/figcaption>\n\t\t\t\t\t\t\t\t\t\t<\/figure>\n\t\t\t\t\t\t\t\t\t<\/div>\n\t\t\t\t<\/div>\n\t\t\t\t\t<\/div>\n\t\t\t\t<\/div>\n\t\t\t\t\t\t\t<\/div>\n\t\t","protected":false},"excerpt":{"rendered":"<p>Na\u0161a vrata smo zvani\u010dno otvorili 05.10.2023. godine, uz mnogobrojne akcije u maloprodajama tr\u017enog centra!<\/p>\n","protected":false},"author":3,"featured_media":0,"parent":1055,"menu_order":0,"comment_status":"closed","ping_status":"closed","template":"elementor_header_footer","meta":{"site-sidebar-layout":"no-sidebar","site-content-layout":"","ast-site-content-layout":"full-width-container","site-content-style":"default","site-sidebar-style":"default","ast-global-header-display":"","ast-banner-title-visibility":"","ast-main-header-display":"","ast-hfb-above-header-display":"","ast-hfb-below-header-display":"","ast-hfb-mobile-header-display":"","site-post-title":"disabled","ast-breadcrumbs-content":"","ast-featured-img":"disabled","footer-sml-layout":"","theme-transparent-header-meta":"","adv-header-id-meta":"","stick-header-meta":"","header-above-stick-meta":"","header-main-stick-meta":"","header-below-stick-meta":"","astra-migrate-meta-layouts":"","footnotes":""},"class_list":["post-1628","page","type-page","status-publish","hentry"],"_links":{"self":[{"href":"https:\/\/foxhome.rs\/index.php?rest_route=\/wp\/v2\/pages\/1628","targetHints":{"allow":["GET"]}}],"collection":[{"href":"https:\/\/foxhome.rs\/index.php?rest_route=\/wp\/v2\/pages"}],"about":[{"href":"https:\/\/foxhome.rs\/index.php?rest_route=\/wp\/v2\/types\/page"}],"author":[{"embeddable":true,"href":"https:\/\/foxhome.rs\/index.php?rest_route=\/wp\/v2\/users\/3"}],"replies":[{"embeddable":true,"href":"https:\/\/foxhome.rs\/index.php?rest_route=%2Fwp%2Fv2%2Fcomments&post=1628"}],"version-history":[{"count":17,"href":"https:\/\/foxhome.rs\/index.php?rest_route=\/wp\/v2\/pages\/1628\/revisions"}],"predecessor-version":[{"id":1921,"href":"https:\/\/foxhome.rs\/index.php?rest_route=\/wp\/v2\/pages\/1628\/revisions\/1921"}],"up":[{"embeddable":true,"href":"https:\/\/foxhome.rs\/index.php?rest_route=\/wp\/v2\/pages\/1055"}],"wp:attachment":[{"href":"https:\/\/foxhome.rs\/index.php?rest_route=%2Fwp%2Fv2%2Fmedia&parent=1628"}],"curies":[{"name":"wp","href":"https:\/\/api.w.org\/{rel}","templated":true}]}}