{"id":2327,"date":"2024-12-31T08:42:22","date_gmt":"2024-12-31T08:42:22","guid":{"rendered":"https:\/\/foxhome.rs\/?page_id=2327"},"modified":"2024-12-31T09:35:36","modified_gmt":"2024-12-31T09:35:36","slug":"praznicno-radno-vreme-trznog-centra-fox-home-2","status":"publish","type":"page","link":"https:\/\/foxhome.rs\/?page_id=2327","title":{"rendered":"Prazni\u010dno radno vreme tr\u017enog centra FOX HOME"},"content":{"rendered":"\t\t<div data-elementor-type=\"wp-page\" data-elementor-id=\"2327\" class=\"elementor elementor-2327\" data-elementor-post-type=\"page\">\n\t\t\t\t\t\t\t<div class=\"elementor-element elementor-element-dc84106 e-flex e-con-boxed e-con e-parent\" data-id=\"dc84106\" data-element_type=\"container\" data-settings=\"{&quot;content_width&quot;:&quot;boxed&quot;}\" data-core-v316-plus=\"true\">\n\t\t\t\t\t<div class=\"e-con-inner\">\n\t\t\t\t<div class=\"elementor-element elementor-element-cc9e958 elementor-widget elementor-widget-image\" data-id=\"cc9e958\" data-element_type=\"widget\" data-widget_type=\"image.default\">\n\t\t\t\t<div class=\"elementor-widget-container\">\n\t\t\t<style>\/*! elementor - v3.16.0 - 20-09-2023 *\/\n.elementor-widget-image{text-align:center}.elementor-widget-image a{display:inline-block}.elementor-widget-image a img[src$=\".svg\"]{width:48px}.elementor-widget-image img{vertical-align:middle;display:inline-block}<\/style>\t\t\t\t\t\t\t\t\t\t\t\t<img loading=\"lazy\" decoding=\"async\" width=\"1800\" height=\"412\" src=\"https:\/\/foxhome.rs\/wp-content\/uploads\/2024\/12\/RadnoVreme.jpg\" class=\"attachment-full size-full wp-image-2345\" alt=\"\" srcset=\"https:\/\/foxhome.rs\/wp-content\/uploads\/2024\/12\/RadnoVreme.jpg 1800w, https:\/\/foxhome.rs\/wp-content\/uploads\/2024\/12\/RadnoVreme-300x69.jpg 300w, https:\/\/foxhome.rs\/wp-content\/uploads\/2024\/12\/RadnoVreme-1024x234.jpg 1024w, https:\/\/foxhome.rs\/wp-content\/uploads\/2024\/12\/RadnoVreme-768x176.jpg 768w, https:\/\/foxhome.rs\/wp-content\/uploads\/2024\/12\/RadnoVreme-1536x352.jpg 1536w\" sizes=\"auto, (max-width: 1800px) 100vw, 1800px\" \/>\t\t\t\t\t\t\t\t\t\t\t\t\t\t\t<\/div>\n\t\t\t\t<\/div>\n\t\t\t\t\t<\/div>\n\t\t\t\t<\/div>\n\t\t<div class=\"elementor-element elementor-element-466d7d5 e-flex e-con-boxed e-con e-parent\" data-id=\"466d7d5\" data-element_type=\"container\" data-settings=\"{&quot;content_width&quot;:&quot;boxed&quot;}\" data-core-v316-plus=\"true\">\n\t\t\t\t\t<div class=\"e-con-inner\">\n\t\t\t\t<div class=\"elementor-element elementor-element-89bd7e2 elementor-widget elementor-widget-text-editor\" data-id=\"89bd7e2\" data-element_type=\"widget\" data-widget_type=\"text-editor.default\">\n\t\t\t\t<div class=\"elementor-widget-container\">\n\t\t\t<style>\/*! elementor - v3.16.0 - 20-09-2023 *\/\n.elementor-widget-text-editor.elementor-drop-cap-view-stacked .elementor-drop-cap{background-color:#69727d;color:#fff}.elementor-widget-text-editor.elementor-drop-cap-view-framed .elementor-drop-cap{color:#69727d;border:3px solid;background-color:transparent}.elementor-widget-text-editor:not(.elementor-drop-cap-view-default) .elementor-drop-cap{margin-top:8px}.elementor-widget-text-editor:not(.elementor-drop-cap-view-default) .elementor-drop-cap-letter{width:1em;height:1em}.elementor-widget-text-editor .elementor-drop-cap{float:left;text-align:center;line-height:1;font-size:50px}.elementor-widget-text-editor .elementor-drop-cap-letter{display:inline-block}<\/style>\t\t\t\t<h2><strong>Po\u0161tovani posetioci, obave\u0161tavamo Vas da \u0107e tr\u017eni centar tokom novogodi\u0161njih praznika imati promene u radnom vremenu, koje su:<\/strong><\/h2>\t\t\t\t\t\t<\/div>\n\t\t\t\t<\/div>\n\t\t\t\t\t<\/div>\n\t\t\t\t<\/div>\n\t\t<div class=\"elementor-element elementor-element-4820122 e-flex e-con-boxed e-con e-parent\" data-id=\"4820122\" data-element_type=\"container\" data-settings=\"{&quot;content_width&quot;:&quot;boxed&quot;}\" data-core-v316-plus=\"true\">\n\t\t\t\t\t<div class=\"e-con-inner\">\n\t\t<div class=\"elementor-element elementor-element-6ed111d e-con-full e-flex e-con e-child\" data-id=\"6ed111d\" data-element_type=\"container\" data-settings=\"{&quot;content_width&quot;:&quot;full&quot;}\">\n\t\t\t\t<div class=\"elementor-element elementor-element-b116832 elementor-widget elementor-widget-text-editor\" data-id=\"b116832\" data-element_type=\"widget\" data-widget_type=\"text-editor.default\">\n\t\t\t\t<div class=\"elementor-widget-container\">\n\t\t\t\t\t\t\t<h3 style=\"font-style: normal;\"><strong>Sara name\u0161taj<\/strong><\/h3><p style=\"font-size: 15px; font-style: normal; font-weight: 400; color: #334155;\"><span style=\"font-weight: bold;\">31.12.<\/span>\u00a010-16h<\/p><p style=\"font-size: 15px; font-style: normal; font-weight: 400; color: #334155;\"><span style=\"font-weight: bold;\">01.01.<\/span>\u00a0neradni dan<\/p><p style=\"font-size: 15px; font-style: normal; font-weight: 400; color: #334155;\"><span style=\"font-weight: bold;\">02.01.<\/span> neradni dan<\/p><p style=\"font-size: 15px; font-style: normal; font-weight: 400; color: #334155;\"><span style=\"font-weight: bold;\">03.01.<\/span> 09-20h<\/p><p style=\"font-size: 15px; font-style: normal; font-weight: 400; color: #334155;\"><span style=\"font-weight: bold;\">04.01. <\/span>09-20h<\/p><p><span style=\"font-weight: bold;\">05.01. <\/span>09-20h<\/p><p style=\"font-size: 15px; font-style: normal; font-weight: 400; color: #334155;\"><span style=\"font-weight: bold;\">06.01.<\/span> 10-16h<\/p><p style=\"font-size: 15px; font-style: normal; font-weight: 400; color: #334155;\"><span style=\"font-weight: bold;\">07.01.<\/span>\u00a0neradni dan<\/p>\t\t\t\t\t\t<\/div>\n\t\t\t\t<\/div>\n\t\t\t\t<\/div>\n\t\t<div class=\"elementor-element elementor-element-d72fc61 e-con-full e-flex e-con e-child\" data-id=\"d72fc61\" data-element_type=\"container\" data-settings=\"{&quot;content_width&quot;:&quot;full&quot;}\">\n\t\t\t\t<div class=\"elementor-element elementor-element-afe2e39 elementor-widget elementor-widget-text-editor\" data-id=\"afe2e39\" data-element_type=\"widget\" data-widget_type=\"text-editor.default\">\n\t\t\t\t<div class=\"elementor-widget-container\">\n\t\t\t\t\t\t\t<h3 style=\"font-style: normal;\"><strong>Uradi Sam<\/strong><\/h3><p style=\"font-size: 15px; font-style: normal; font-weight: 400;\"><span style=\"font-weight: bold;\">31.12.<\/span> 08-18h<\/p><p style=\"font-size: 15px; font-style: normal; font-weight: 400;\"><span style=\"font-weight: bold;\">01.01.<\/span>\u00a0neradni dan<\/p><p style=\"font-size: 15px; font-style: normal; font-weight: 400;\"><span style=\"font-weight: bold;\">02.01.<\/span>\u00a008-20h<\/p><p style=\"font-size: 15px; font-style: normal; font-weight: 400;\"><span style=\"text-align: var(--text-align); background-color: var(--ast-global-color-5); color: var(--ast-global-color-3); font-weight: bold;\">03.01. <\/span><span style=\"text-align: var(--text-align); background-color: var(--ast-global-color-5); color: var(--ast-global-color-3);\">08-20h<\/span><\/p><p><span style=\"text-align: var(--text-align); background-color: var(--ast-global-color-5); color: var(--ast-global-color-3); font-weight: bold;\">04.01. <\/span><span style=\"text-align: var(--text-align); background-color: var(--ast-global-color-5); color: var(--ast-global-color-3);\">08-18h<\/span><\/p><p><span style=\"text-align: var(--text-align); background-color: var(--ast-global-color-5); color: var(--ast-global-color-3); font-weight: bold;\">05.01. <\/span><span style=\"text-align: var(--text-align); background-color: var(--ast-global-color-5); color: var(--ast-global-color-3);\">09-16h<\/span><\/p><p style=\"font-size: 15px; font-style: normal; font-weight: 400;\"><span style=\"font-weight: bold;\">06.01.<\/span>\u00a0<span style=\"text-align: var(--text-align); background-color: var(--ast-global-color-5); color: var(--ast-global-color-3);\">08-18h<\/span><\/p><p style=\"font-size: 15px; font-style: normal; font-weight: 400;\"><span style=\"font-weight: bold;\">07.01.<\/span>\u00a0neradni dan<\/p>\t\t\t\t\t\t<\/div>\n\t\t\t\t<\/div>\n\t\t\t\t<\/div>\n\t\t\t\t\t<\/div>\n\t\t\t\t<\/div>\n\t\t<div class=\"elementor-element elementor-element-f24cae9 e-flex e-con-boxed e-con e-parent\" data-id=\"f24cae9\" data-element_type=\"container\" data-settings=\"{&quot;content_width&quot;:&quot;boxed&quot;}\" data-core-v316-plus=\"true\">\n\t\t\t\t\t<div class=\"e-con-inner\">\n\t\t<div class=\"elementor-element elementor-element-187bb5f e-con-full e-flex e-con e-child\" data-id=\"187bb5f\" data-element_type=\"container\" data-settings=\"{&quot;content_width&quot;:&quot;full&quot;}\">\n\t\t\t\t<div class=\"elementor-element elementor-element-98a77ce elementor-widget elementor-widget-text-editor\" data-id=\"98a77ce\" data-element_type=\"widget\" data-widget_type=\"text-editor.default\">\n\t\t\t\t<div class=\"elementor-widget-container\">\n\t\t\t\t\t\t\t<h3 style=\"font-style: normal;\"><strong>Keramika Jovanovi\u0107<\/strong><\/h3><p style=\"font-size: 15px; font-style: normal; font-weight: 400;\"><span style=\"font-weight: bold;\">31.12.<\/span> <span style=\"text-align: var(--text-align); background-color: var(--ast-global-color-5); color: var(--ast-global-color-3);\">08-15h<\/span><\/p><p style=\"font-size: 15px; font-style: normal; font-weight: 400;\"><span style=\"font-weight: bold;\">01.01.<\/span>\u00a0neradni dan<\/p><p style=\"font-size: 15px; font-style: normal; font-weight: 400;\"><span style=\"font-weight: bold;\">02.01. <\/span>neradni dan<\/p><p style=\"font-size: 15px; font-style: normal; font-weight: 400;\"><span style=\"text-align: var(--text-align); background-color: var(--ast-global-color-5); color: var(--ast-global-color-3); font-weight: bold;\">03.01. <\/span><span style=\"text-align: var(--text-align); background-color: var(--ast-global-color-5); color: var(--ast-global-color-3);\">08-20h<\/span><\/p><p><span style=\"text-align: var(--text-align); background-color: var(--ast-global-color-5); color: var(--ast-global-color-3); font-weight: bold;\">04.01. <\/span><span style=\"text-align: var(--text-align); background-color: var(--ast-global-color-5); color: var(--ast-global-color-3);\">08-15h<\/span><\/p><p><span style=\"text-align: var(--text-align); background-color: var(--ast-global-color-5); color: var(--ast-global-color-3); font-weight: bold;\">05.01.<\/span><span style=\"text-align: var(--text-align); background-color: var(--ast-global-color-5); color: var(--ast-global-color-3);\">neradni dan<\/span><\/p><p style=\"font-size: 15px; font-style: normal; font-weight: 400;\"><span style=\"font-weight: bold;\">06.01.<\/span> neradni dan<\/p><p style=\"font-size: 15px; font-style: normal; font-weight: 400;\"><span style=\"font-weight: bold;\">07.01.<\/span>\u00a0neradni dan<\/p>\t\t\t\t\t\t<\/div>\n\t\t\t\t<\/div>\n\t\t\t\t<\/div>\n\t\t<div class=\"elementor-element elementor-element-df98d0b e-con-full e-flex e-con e-child\" data-id=\"df98d0b\" data-element_type=\"container\" data-settings=\"{&quot;content_width&quot;:&quot;full&quot;}\">\n\t\t\t\t<div class=\"elementor-element elementor-element-7ff2a27 elementor-widget elementor-widget-text-editor\" data-id=\"7ff2a27\" data-element_type=\"widget\" data-widget_type=\"text-editor.default\">\n\t\t\t\t<div class=\"elementor-widget-container\">\n\t\t\t\t\t\t\t<h3 style=\"font-style: normal;\"><strong>Euro sumar Suzuki<\/strong><\/h3><p style=\"font-size: 15px; font-style: normal; font-weight: 400;\"><span style=\"font-weight: bold;\">31.12. <\/span><span style=\"text-align: var(--text-align); background-color: var(--ast-global-color-5); color: var(--ast-global-color-3);\">09-14h<\/span><\/p><p style=\"font-size: 15px; font-style: normal; font-weight: 400;\"><span style=\"font-weight: bold;\">01.01.<\/span>\u00a0neradni dan<\/p><p style=\"font-size: 15px; font-style: normal; font-weight: 400;\"><span style=\"font-weight: bold;\">02.01.<\/span> neradni dan<\/p><p style=\"font-size: 15px; font-style: normal; font-weight: 400;\"><span style=\"text-align: var(--text-align); background-color: var(--ast-global-color-5); color: var(--ast-global-color-3); font-weight: bold;\">03.01. <\/span><span style=\"text-align: var(--text-align); background-color: var(--ast-global-color-5); color: var(--ast-global-color-3);\">08-18h<\/span><\/p><p><span style=\"text-align: var(--text-align); background-color: var(--ast-global-color-5); color: var(--ast-global-color-3); font-weight: bold;\">04.01. <\/span><span style=\"text-align: var(--text-align); background-color: var(--ast-global-color-5); color: var(--ast-global-color-3);\">09-14h<\/span><\/p><p><span style=\"text-align: var(--text-align); background-color: var(--ast-global-color-5); color: var(--ast-global-color-3); font-weight: bold;\">05.01.<\/span><span style=\"text-align: var(--text-align); background-color: var(--ast-global-color-5); color: var(--ast-global-color-3);\">neradni dan<\/span><\/p><p style=\"font-size: 15px; font-style: normal; font-weight: 400;\"><span style=\"font-weight: bold;\">06.01.<\/span> neradni dan<\/p><p style=\"font-size: 15px; font-style: normal; font-weight: 400;\"><span style=\"font-weight: bold;\">07.01.<\/span>\u00a0neradni dan<\/p>\t\t\t\t\t\t<\/div>\n\t\t\t\t<\/div>\n\t\t\t\t<\/div>\n\t\t\t\t\t<\/div>\n\t\t\t\t<\/div>\n\t\t\t\t\t\t\t<\/div>\n\t\t","protected":false},"excerpt":{"rendered":"<p>Po\u0161tovani posetioci, obave\u0161tavamo Vas da \u0107e tr\u017eni centar tokom novogodi\u0161njih praznika imati promene u radnom vremenu, koje su: Sara name\u0161taj 31.12.\u00a010-16h 01.01.\u00a0neradni dan 02.01. neradni dan 03.01. 09-20h 04.01. 09-20h 05.01. 09-20h 06.01. 10-16h 07.01.\u00a0neradni dan Uradi Sam 31.12. 08-18h 01.01.\u00a0neradni dan 02.01.\u00a008-20h 03.01. 08-20h 04.01. 08-18h 05.01. 09-16h 06.01.\u00a008-18h 07.01.\u00a0neradni dan Keramika Jovanovi\u0107 31.12. &hellip;<\/p>\n<p class=\"read-more\"> <a class=\"\" href=\"https:\/\/foxhome.rs\/?page_id=2327\"> <span class=\"screen-reader-text\">Prazni\u010dno radno vreme tr\u017enog centra FOX HOME<\/span> Read More &raquo;<\/a><\/p>\n","protected":false},"author":1,"featured_media":0,"parent":0,"menu_order":0,"comment_status":"closed","ping_status":"closed","template":"","meta":{"site-sidebar-layout":"no-sidebar","site-content-layout":"","ast-site-content-layout":"full-width-container","site-content-style":"default","site-sidebar-style":"default","ast-global-header-display":"","ast-banner-title-visibility":"","ast-main-header-display":"","ast-hfb-above-header-display":"","ast-hfb-below-header-display":"","ast-hfb-mobile-header-display":"","site-post-title":"disabled","ast-breadcrumbs-content":"","ast-featured-img":"disabled","footer-sml-layout":"","theme-transparent-header-meta":"","adv-header-id-meta":"","stick-header-meta":"","header-above-stick-meta":"","header-main-stick-meta":"","header-below-stick-meta":"","astra-migrate-meta-layouts":"","footnotes":""},"class_list":["post-2327","page","type-page","status-publish","hentry"],"_links":{"self":[{"href":"https:\/\/foxhome.rs\/index.php?rest_route=\/wp\/v2\/pages\/2327","targetHints":{"allow":["GET"]}}],"collection":[{"href":"https:\/\/foxhome.rs\/index.php?rest_route=\/wp\/v2\/pages"}],"about":[{"href":"https:\/\/foxhome.rs\/index.php?rest_route=\/wp\/v2\/types\/page"}],"author":[{"embeddable":true,"href":"https:\/\/foxhome.rs\/index.php?rest_route=\/wp\/v2\/users\/1"}],"replies":[{"embeddable":true,"href":"https:\/\/foxhome.rs\/index.php?rest_route=%2Fwp%2Fv2%2Fcomments&post=2327"}],"version-history":[{"count":18,"href":"https:\/\/foxhome.rs\/index.php?rest_route=\/wp\/v2\/pages\/2327\/revisions"}],"predecessor-version":[{"id":2348,"href":"https:\/\/foxhome.rs\/index.php?rest_route=\/wp\/v2\/pages\/2327\/revisions\/2348"}],"wp:attachment":[{"href":"https:\/\/foxhome.rs\/index.php?rest_route=%2Fwp%2Fv2%2Fmedia&parent=2327"}],"curies":[{"name":"wp","href":"https:\/\/api.w.org\/{rel}","templated":true}]}}